{"id":1045,"date":"2020-09-05T22:48:20","date_gmt":"2020-09-05T20:48:20","guid":{"rendered":"http:\/\/alloza.eu\/david\/WordPress3\/?page_id=1045"},"modified":"2020-09-06T18:15:43","modified_gmt":"2020-09-06T16:15:43","slug":"site-de-bernard-decaestecker-f8eoz","status":"publish","type":"page","link":"https:\/\/alloza.eu\/david\/WordPress3\/?page_id=1045","title":{"rendered":"Site de Bernard Decaestecker &#8211; F8EOZ"},"content":{"rendered":"\n<p>Cher visiteur,<\/p>\n\n\n\n<p>Bernard nous a quitt\u00e9 le mardi 14 novembre 2017. Son blog qui \u00e9taient \u00e0 l&rsquo;adresse www.f8eoz.com \u00e0 disparu quelques semaines plus tard. J&rsquo;ai conserv\u00e9, avec l&rsquo;accord de sa famille, une archive&nbsp; (int\u00e9grale) statique de ce site. Elle est h\u00e9berg\u00e9 sur le m\u00eame serveur que ce blog et qui est accessible \u00e0 cette adresse:&nbsp;<a href=\"http:\/\/f8eoz.homemaderadio.eu\/\">http:\/\/f8eoz.homemaderadio.eu\/<\/a><\/p>\n\n\n\n<p>Cette copie \u00e9tant statique les sections de commentaires ne fonctionnent plus. La fonction a donc \u00e9t\u00e9 d\u00e9sactiv\u00e9e, seuls les commentaires d\u00e9j\u00e0 post\u00e9s sont rest\u00e9. Si vous avez des questions pr\u00e9cises sur un article, ou que vous voulez juste laisser un commentaire apr\u00e8s avoir visit\u00e9 son contenu, vous pouvez le faire dans la section commentaires au bas de cette page.<\/p>\n\n\n\n<p>La famille de Bernard connais l&rsquo;existence de cette page, si vous voulez lui adresser un message n&rsquo;h\u00e9sitez pas \u00e0 le laisser dans la zone des commentaires de cette page.<\/p>\n\n\n\n<p>Vous trouverez dans le site de Bernard des articles de qualit\u00e9. Bernard avais le soucis de d\u00e9crire exhaustivement ce qu&rsquo;il r\u00e9alisait afin que la reproduction ne pose pas de difficult\u00e9s. C&rsquo;est particuli\u00e8rement le cas dans son article sur <a href=\"http:\/\/f8eoz.homemaderadio.eu\/index1948.html?p=4037\">le Vexin pour les 40M<\/a><\/p>\n\n\n\n<p>Bonne visite.<\/p>\n\n\n\n<p>Cordialement,<\/p>\n\n\n\n<p>David, F4HTQ.<\/p>\n","protected":false},"excerpt":{"rendered":"<p>Cher visiteur, Bernard nous a quitt\u00e9 le mardi 14 novembre 2017. Son blog qui \u00e9taient \u00e0 l&rsquo;adresse www.f8eoz.com \u00e0 disparu quelques semaines plus tard. J&rsquo;ai conserv\u00e9, avec l&rsquo;accord de sa famille, une archive&nbsp; (int\u00e9grale) statique de ce site. Elle est &hellip; <a href=\"https:\/\/alloza.eu\/david\/WordPress3\/?page_id=1045\">Continuer la lecture <span class=\"meta-nav\">&rarr;<\/span><\/a><\/p>\n","protected":false},"author":2,"featured_media":0,"parent":0,"menu_order":0,"comment_status":"open","ping_status":"closed","template":"","meta":{"footnotes":""},"class_list":["post-1045","page","type-page","status-publish","hentry"],"_links":{"self":[{"href":"https:\/\/alloza.eu\/david\/WordPress3\/index.php?rest_route=\/wp\/v2\/pages\/1045","targetHints":{"allow":["GET"]}}],"collection":[{"href":"https:\/\/alloza.eu\/david\/WordPress3\/index.php?rest_route=\/wp\/v2\/pages"}],"about":[{"href":"https:\/\/alloza.eu\/david\/WordPress3\/index.php?rest_route=\/wp\/v2\/types\/page"}],"author":[{"embeddable":true,"href":"https:\/\/alloza.eu\/david\/WordPress3\/index.php?rest_route=\/wp\/v2\/users\/2"}],"replies":[{"embeddable":true,"href":"https:\/\/alloza.eu\/david\/WordPress3\/index.php?rest_route=%2Fwp%2Fv2%2Fcomments&post=1045"}],"version-history":[{"count":4,"href":"https:\/\/alloza.eu\/david\/WordPress3\/index.php?rest_route=\/wp\/v2\/pages\/1045\/revisions"}],"predecessor-version":[{"id":1049,"href":"https:\/\/alloza.eu\/david\/WordPress3\/index.php?rest_route=\/wp\/v2\/pages\/1045\/revisions\/1049"}],"wp:attachment":[{"href":"https:\/\/alloza.eu\/david\/WordPress3\/index.php?rest_route=%2Fwp%2Fv2%2Fmedia&parent=1045"}],"curies":[{"name":"wp","href":"https:\/\/api.w.org\/{rel}","templated":true}]}}