{"id":1065,"date":"2021-02-23T13:57:08","date_gmt":"2021-02-23T12:57:08","guid":{"rendered":"http:\/\/alloza.eu\/david\/WordPress3\/?page_id=1065"},"modified":"2021-02-23T14:17:09","modified_gmt":"2021-02-23T13:17:09","slug":"site-de-jean-burgard-f4dnr","status":"publish","type":"page","link":"https:\/\/alloza.eu\/david\/WordPress3\/?page_id=1065","title":{"rendered":"Site de Jean Burgard F4DNR"},"content":{"rendered":"\n<p id=\"block-34140803-d92e-463d-a9dc-4870816d00cc\">Jean Burgard nous a quitt\u00e9 le 5  juillet 2013. Son blog qui \u00e9tait \u00e0 l&rsquo;adresse <strong>equasim.perso.neuf.fr<\/strong>  \u00e0 disparu en 2016, une copie a \u00e9t\u00e9 h\u00e9berg\u00e9e un certain temps sur les serveurs de <a href=\"http:\/\/www.radioamateur.org\">www.radioamateur.org<\/a> mais elle a, \u00e0 son tour disparue en janvier 2021 avec la fermeture des forums et h\u00e9bergements de ce site. J&rsquo;ai conserv\u00e9 une archive&nbsp; (int\u00e9grale) statique du site initial. <\/p>\n\n\n\n<p id=\"block-34140803-d92e-463d-a9dc-4870816d00cc\">Elle est h\u00e9berg\u00e9 sur le m\u00eame serveur que ce blog et qui est accessible \u00e0 cette adresse:\u00a0<a href=\"http:\/\/f4dnr.homemaderadio.eu\/\">http:\/\/f4dnr.homemaderadio.eu\/<\/a><\/p>\n\n\n\n<p>Merci \u00e0 Denis F6GKQ de m&rsquo;avoir indiqu\u00e9 que cette remise en ligne ne posais pas probl\u00e8me.<\/p>\n\n\n\n<p>Si vous avez des questions pr\u00e9cises sur un article, ou que vous voulez juste laisser un commentaire, ou un hommage,  apr\u00e8s avoir visit\u00e9 son contenu, vous pouvez le faire dans la section commentaires au bas de cette page.<\/p>\n\n\n\n<p id=\"block-0a36e580-c960-46f3-af6a-eff11800379e\">Vous trouverez dans le site de Jean F4DNR des articles de qualit\u00e9. Avec la d\u00e9mocratisation des appareils de mesure, certains sont un peu \u00ab\u00a0obsol\u00e8tes\u00a0\u00bb, mais on gagne \u00e0 les connaitre, ne serait-ce que pour des questions de culture technique.<\/p>\n\n\n\n<p>j&rsquo;ai moi-m\u00eame pass\u00e9 beaucoup de temps sur ce site au cours de mon apprentissage de la radio.<\/p>\n\n\n\n<p id=\"block-09934089-ab9a-4e2a-af77-a141194ac426\">Bonne visite.<\/p>\n\n\n\n<p id=\"block-c6ee5076-b37d-42a5-b747-baaf6cc978d9\">Cordialement,<\/p>\n\n\n\n<p id=\"block-28d32522-3f4f-4583-83e1-ac0e57c28db9\">David, F4HTQ.<\/p>\n","protected":false},"excerpt":{"rendered":"<p>Jean Burgard nous a quitt\u00e9 le 5 juillet 2013. Son blog qui \u00e9tait \u00e0 l&rsquo;adresse equasim.perso.neuf.fr \u00e0 disparu en 2016, une copie a \u00e9t\u00e9 h\u00e9berg\u00e9e un certain temps sur les serveurs de www.radioamateur.org mais elle a, \u00e0 son tour disparue &hellip; <a href=\"https:\/\/alloza.eu\/david\/WordPress3\/?page_id=1065\">Continuer la lecture <span class=\"meta-nav\">&rarr;<\/span><\/a><\/p>\n","protected":false},"author":2,"featured_media":0,"parent":0,"menu_order":0,"comment_status":"open","ping_status":"closed","template":"","meta":{"footnotes":""},"class_list":["post-1065","page","type-page","status-publish","hentry"],"_links":{"self":[{"href":"https:\/\/alloza.eu\/david\/WordPress3\/index.php?rest_route=\/wp\/v2\/pages\/1065","targetHints":{"allow":["GET"]}}],"collection":[{"href":"https:\/\/alloza.eu\/david\/WordPress3\/index.php?rest_route=\/wp\/v2\/pages"}],"about":[{"href":"https:\/\/alloza.eu\/david\/WordPress3\/index.php?rest_route=\/wp\/v2\/types\/page"}],"author":[{"embeddable":true,"href":"https:\/\/alloza.eu\/david\/WordPress3\/index.php?rest_route=\/wp\/v2\/users\/2"}],"replies":[{"embeddable":true,"href":"https:\/\/alloza.eu\/david\/WordPress3\/index.php?rest_route=%2Fwp%2Fv2%2Fcomments&post=1065"}],"version-history":[{"count":6,"href":"https:\/\/alloza.eu\/david\/WordPress3\/index.php?rest_route=\/wp\/v2\/pages\/1065\/revisions"}],"predecessor-version":[{"id":1073,"href":"https:\/\/alloza.eu\/david\/WordPress3\/index.php?rest_route=\/wp\/v2\/pages\/1065\/revisions\/1073"}],"wp:attachment":[{"href":"https:\/\/alloza.eu\/david\/WordPress3\/index.php?rest_route=%2Fwp%2Fv2%2Fmedia&parent=1065"}],"curies":[{"name":"wp","href":"https:\/\/api.w.org\/{rel}","templated":true}]}}