{"id":2,"date":"2011-06-09T08:54:17","date_gmt":"2011-06-09T08:54:17","guid":{"rendered":"http:\/\/alloza.eu\/david\/WordPress3\/\/?page_id=2"},"modified":"2018-08-25T16:28:53","modified_gmt":"2018-08-25T14:28:53","slug":"about","status":"publish","type":"page","link":"https:\/\/alloza.eu\/david\/WordPress3\/?page_id=2","title":{"rendered":"A propos"},"content":{"rendered":"<p>Bonjour,<\/p>\n<p>Bienvenue sur mon blog.<br \/>\nIl est destin\u00e9 au partage de connaissances et exp\u00e9riences dans divers domaines. Initialement je pensais y int\u00e9grer des articles techniques ( \u00e9lectronique, programmation), mais aussi quelques r\u00e9flexions sur le management, l&rsquo;\u00e9conomie, l&rsquo;histoire, ou la cuisine, mais visiblement \u00e7a traine \ud83d\ude42<\/p>\n<p>En vous souhaitant une bonne visite.<\/p>\n<p>David Alloza &#8211; F4HTQ.<\/p>\n<p>Pour me contacter, passez par les commentaires en bas de cette page.<\/p>\n<p>Ce que je fais dans la vie ?, \u00e7a se trouve ici :\u00a0<a href=\"https:\/\/www.linkedin.com\/in\/david-alloza-6689295\">https:\/\/www.linkedin.com\/in\/david-alloza-6689295<\/a><\/p>\n<p>&nbsp;<\/p>\n","protected":false},"excerpt":{"rendered":"<p>Bonjour, Bienvenue sur mon blog. Il est destin\u00e9 au partage de connaissances et exp\u00e9riences dans divers domaines. Initialement je pensais y int\u00e9grer des articles techniques ( \u00e9lectronique, programmation), mais aussi quelques r\u00e9flexions sur le management, l&rsquo;\u00e9conomie, l&rsquo;histoire, ou la cuisine, &hellip; <a href=\"https:\/\/alloza.eu\/david\/WordPress3\/?page_id=2\">Continuer la lecture <span class=\"meta-nav\">&rarr;<\/span><\/a><\/p>\n","protected":false},"author":1,"featured_media":0,"parent":0,"menu_order":0,"comment_status":"open","ping_status":"open","template":"","meta":{"footnotes":""},"class_list":["post-2","page","type-page","status-publish","hentry"],"_links":{"self":[{"href":"https:\/\/alloza.eu\/david\/WordPress3\/index.php?rest_route=\/wp\/v2\/pages\/2","targetHints":{"allow":["GET"]}}],"collection":[{"href":"https:\/\/alloza.eu\/david\/WordPress3\/index.php?rest_route=\/wp\/v2\/pages"}],"about":[{"href":"https:\/\/alloza.eu\/david\/WordPress3\/index.php?rest_route=\/wp\/v2\/types\/page"}],"author":[{"embeddable":true,"href":"https:\/\/alloza.eu\/david\/WordPress3\/index.php?rest_route=\/wp\/v2\/users\/1"}],"replies":[{"embeddable":true,"href":"https:\/\/alloza.eu\/david\/WordPress3\/index.php?rest_route=%2Fwp%2Fv2%2Fcomments&post=2"}],"version-history":[{"count":2,"href":"https:\/\/alloza.eu\/david\/WordPress3\/index.php?rest_route=\/wp\/v2\/pages\/2\/revisions"}],"predecessor-version":[{"id":352,"href":"https:\/\/alloza.eu\/david\/WordPress3\/index.php?rest_route=\/wp\/v2\/pages\/2\/revisions\/352"}],"wp:attachment":[{"href":"https:\/\/alloza.eu\/david\/WordPress3\/index.php?rest_route=%2Fwp%2Fv2%2Fmedia&parent=2"}],"curies":[{"name":"wp","href":"https:\/\/api.w.org\/{rel}","templated":true}]}}