{"id":385,"date":"2018-10-07T21:53:18","date_gmt":"2018-10-07T19:53:18","guid":{"rendered":"http:\/\/alloza.eu\/david\/WordPress3\/?page_id=385"},"modified":"2022-02-21T12:32:10","modified_gmt":"2022-02-21T11:32:10","slug":"hstrx","status":"publish","type":"page","link":"https:\/\/alloza.eu\/david\/WordPress3\/?page_id=385","title":{"rendered":"HSTRX"},"content":{"rendered":"<p><a href=\"http:\/\/alloza.eu\/david\/WordPress3\/wp-content\/uploads\/2018\/11\/IMG_2371.jpg\"><img loading=\"lazy\" decoding=\"async\" class=\"alignnone size-full wp-image-418\" src=\"http:\/\/alloza.eu\/david\/WordPress3\/wp-content\/uploads\/2018\/11\/IMG_2371.jpg\" alt=\"\" width=\"1600\" height=\"741\" srcset=\"https:\/\/alloza.eu\/david\/WordPress3\/wp-content\/uploads\/2018\/11\/IMG_2371.jpg 1600w, https:\/\/alloza.eu\/david\/WordPress3\/wp-content\/uploads\/2018\/11\/IMG_2371-300x139.jpg 300w, https:\/\/alloza.eu\/david\/WordPress3\/wp-content\/uploads\/2018\/11\/IMG_2371-768x356.jpg 768w, https:\/\/alloza.eu\/david\/WordPress3\/wp-content\/uploads\/2018\/11\/IMG_2371-1024x474.jpg 1024w\" sizes=\"auto, (max-width: 1600px) 100vw, 1600px\" \/><\/a><\/p>\n<p>Page principale du projet HSTRX<\/p>\n<p>Il s&rsquo;agit d&rsquo;un TRX d\u00e9di\u00e9 \u00e0 la phonie et aux modes digitaux, d\u00e9livrant jusqu&rsquo;a 20W de puissance ( bande des 20M) , et utilisable en SSB de 474KHz a 52MHz.<\/p>\n<p>Vous pouvez rajouter un commentaire sur cette page, si il concerne le projet en g\u00e9n\u00e9ral. Pour un commentaire sp\u00e9cifique \u00e0 un module, il vaut mieux le poster sous l&rsquo;article d\u00e9di\u00e9.<\/p>\n<p><a href=\"http:\/\/alloza.eu\/david\/WordPress3\/?p=221\">Introduction<\/a><br \/>\n<a href=\"http:\/\/alloza.eu\/david\/WordPress3\/?p=243\">Motivations<\/a><br \/>\n<a href=\"http:\/\/alloza.eu\/david\/WordPress3\/?p=276\">Architecture<\/a><br \/>\n<a href=\"http:\/\/alloza.eu\/david\/WordPress3\/?p=355\">Modification d&rsquo;architecture<\/a><\/p>\n<p>Synoptique du HSTRX<\/p>\n<h2><a href=\"http:\/\/alloza.eu\/david\/WordPress3\/wp-content\/uploads\/2022\/02\/NewTx_3.png\"><img loading=\"lazy\" decoding=\"async\" class=\"alignnone size-full wp-image-1211\" src=\"http:\/\/alloza.eu\/david\/WordPress3\/wp-content\/uploads\/2022\/02\/NewTx_3.png\" alt=\"\" width=\"2235\" height=\"1235\" srcset=\"https:\/\/alloza.eu\/david\/WordPress3\/wp-content\/uploads\/2022\/02\/NewTx_3.png 2235w, https:\/\/alloza.eu\/david\/WordPress3\/wp-content\/uploads\/2022\/02\/NewTx_3-300x166.png 300w, https:\/\/alloza.eu\/david\/WordPress3\/wp-content\/uploads\/2022\/02\/NewTx_3-1024x566.png 1024w, https:\/\/alloza.eu\/david\/WordPress3\/wp-content\/uploads\/2022\/02\/NewTx_3-768x424.png 768w, https:\/\/alloza.eu\/david\/WordPress3\/wp-content\/uploads\/2022\/02\/NewTx_3-1536x849.png 1536w, https:\/\/alloza.eu\/david\/WordPress3\/wp-content\/uploads\/2022\/02\/NewTx_3-2048x1132.png 2048w, https:\/\/alloza.eu\/david\/WordPress3\/wp-content\/uploads\/2022\/02\/NewTx_3-500x276.png 500w\" sizes=\"auto, (max-width: 2235px) 100vw, 2235px\" \/><\/a><\/h2>\n<h2>Les modules:<\/h2>\n<p>Module 1 : Premier m\u00e9langeur (\u00e0 documenter)<br \/>\nModule 2 : Premier ampli FI(\u00e0 documenter)<br \/>\nModule 3 : Filtre de bande lat\u00e9rale SSB (\u00e0 documenter)<br \/>\n<a href=\"http:\/\/alloza.eu\/david\/WordPress3\/?p=428\">Module 4 : Deuxi\u00e8me Amplificateur FI<\/a><br \/>\nModule 5 : Filtre \u00e9troit simplifi\u00e9 (\u00e0 documenter)<br \/>\nModule 6 : Second\u00a0 m\u00e9langeur (\u00e0 documenter)<br \/>\nModule 7 : Filtre pr\u00e9selecteur de bande (\u00e0 documenter)<br \/>\nModule 8 : Amplificateur de LO (\u00e0 documenter)<br \/>\nModule 9 : Att\u00e9nuateur (\u00e0 documenter)<br \/>\nModule 10 : DDS sortie 1 (\u00e0 documenter)<br \/>\nModule 11 : DDS sortie 2 (\u00e0 documenter)<br \/>\n<a href=\"http:\/\/alloza.eu\/david\/WordPress3\/?p=376\">Module 12 : Driver (AFT05MS004)<\/a><br \/>\n<a href=\"http:\/\/alloza.eu\/david\/WordPress3\/?p=392\">Module 12 : Nouveau driver (PD85004)<\/a><br \/>\n<a href=\"http:\/\/alloza.eu\/david\/WordPress3\/?p=399\">Module 13 : PA large bande \u00e0 base de RD16HHF1<\/a><br \/>\nModule 14 :Filtre de bande passe bas (\u00e0 documenter)<br \/>\nModule 15 :amplificateur micro (\u00e0 documenter)<br \/>\nModule 16 :amplificateur BF de sortie(\u00e0 documenter)<br \/>\nModule 17 :Pre-driver (\u00e0 documenter)<\/p>\n<h2>Journal des modifications<\/h2>\n<p>le 14\/10\/2018 : modification du driver, <a href=\"http:\/\/alloza.eu\/david\/WordPress3\/?p=392\">nouveau montage<\/a><br \/>\nle 29\/10\/2018 : rajout de la description<a href=\"http:\/\/alloza.eu\/david\/WordPress3\/?p=399\"> du PA large bande<\/a>.<br \/>\nle 23\/11\/2018 : rajout de <a href=\"http:\/\/alloza.eu\/david\/WordPress3\/?p=428\">la description du deuxieme amplificateur FI<\/a><br \/>\nle 20\/10\/2019 : modification de l&rsquo;article sur<a href=\"http:\/\/alloza.eu\/david\/WordPress3\/?p=428\"> le deuxi\u00e8me amplificateur FI<\/a><br \/>\nle 21\/02\/2022 : Modification du sch\u00e9ma pour int\u00e9grer l&rsquo;amplificateur de LO en module 8<\/p>\n<div style=\"width: 636px\" class=\"wp-caption aligncenter\"><a href=\"http:\/\/david.alloza.eu\/ForPublication\/Homemade\/Tx\/SHTRX\/external_UP_Full.JPG\"><img loading=\"lazy\" decoding=\"async\" class=\"\" src=\"http:\/\/david.alloza.eu\/ForPublication\/Homemade\/Tx\/SHTRX\/external_UP_Low.JPG\" width=\"626\" height=\"453\" \/><\/a><p class=\"wp-caption-text\">HSTRX Up view on 2018\/11\/08 Clic for Hi-Res<\/p><\/div>\n<div style=\"width: 659px\" class=\"wp-caption alignnone\"><a href=\"http:\/\/david.alloza.eu\/ForPublication\/Homemade\/Tx\/SHTRX\/InternalFull.JPG\"><img loading=\"lazy\" decoding=\"async\" class=\"\" src=\"http:\/\/david.alloza.eu\/ForPublication\/Homemade\/Tx\/SHTRX\/internalLow.JPG\" width=\"649\" height=\"468\" \/><\/a><p class=\"wp-caption-text\">HSTRX internal View on 2018\/11\/08 Clic for hi-res<\/p><\/div>\n","protected":false},"excerpt":{"rendered":"<p>Page principale du projet HSTRX Il s&rsquo;agit d&rsquo;un TRX d\u00e9di\u00e9 \u00e0 la phonie et aux modes digitaux, d\u00e9livrant jusqu&rsquo;a 20W de puissance ( bande des 20M) , et utilisable en SSB de 474KHz a 52MHz. Vous pouvez rajouter un commentaire &hellip; <a href=\"https:\/\/alloza.eu\/david\/WordPress3\/?page_id=385\">Continuer la lecture <span class=\"meta-nav\">&rarr;<\/span><\/a><\/p>\n","protected":false},"author":1,"featured_media":0,"parent":0,"menu_order":0,"comment_status":"open","ping_status":"open","template":"","meta":{"footnotes":""},"class_list":["post-385","page","type-page","status-publish","hentry"],"_links":{"self":[{"href":"https:\/\/alloza.eu\/david\/WordPress3\/index.php?rest_route=\/wp\/v2\/pages\/385","targetHints":{"allow":["GET"]}}],"collection":[{"href":"https:\/\/alloza.eu\/david\/WordPress3\/index.php?rest_route=\/wp\/v2\/pages"}],"about":[{"href":"https:\/\/alloza.eu\/david\/WordPress3\/index.php?rest_route=\/wp\/v2\/types\/page"}],"author":[{"embeddable":true,"href":"https:\/\/alloza.eu\/david\/WordPress3\/index.php?rest_route=\/wp\/v2\/users\/1"}],"replies":[{"embeddable":true,"href":"https:\/\/alloza.eu\/david\/WordPress3\/index.php?rest_route=%2Fwp%2Fv2%2Fcomments&post=385"}],"version-history":[{"count":21,"href":"https:\/\/alloza.eu\/david\/WordPress3\/index.php?rest_route=\/wp\/v2\/pages\/385\/revisions"}],"predecessor-version":[{"id":1217,"href":"https:\/\/alloza.eu\/david\/WordPress3\/index.php?rest_route=\/wp\/v2\/pages\/385\/revisions\/1217"}],"wp:attachment":[{"href":"https:\/\/alloza.eu\/david\/WordPress3\/index.php?rest_route=%2Fwp%2Fv2%2Fmedia&parent=385"}],"curies":[{"name":"wp","href":"https:\/\/api.w.org\/{rel}","templated":true}]}}