{"id":441,"date":"2018-11-20T20:48:42","date_gmt":"2018-11-20T19:48:42","guid":{"rendered":"http:\/\/alloza.eu\/david\/WordPress3\/?page_id=441"},"modified":"2021-04-09T14:40:34","modified_gmt":"2021-04-09T12:40:34","slug":"digi30","status":"publish","type":"page","link":"https:\/\/alloza.eu\/david\/WordPress3\/?page_id=441","title":{"rendered":"DIGI30"},"content":{"rendered":"<h2>TRX bande \u00e9troite, d\u00e9di\u00e9 aux modes num\u00e9riques.<\/h2>\n<p>Description \u00e0\u00a0 venir<\/p>\n<div style=\"width: 1290px\" class=\"wp-caption aligncenter\"><a href=\"http:\/\/david.alloza.eu\/ForPublication\/Homemade\/Tx\/DIGI30\/DIGI30_EXT.JPG\"><img loading=\"lazy\" decoding=\"async\" class=\"size-full\" src=\"http:\/\/david.alloza.eu\/ForPublication\/Homemade\/Tx\/DIGI30\/DIGI30_EXT_low.JPG\" width=\"1280\" height=\"1020\" \/><\/a><p class=\"wp-caption-text\">up view &#8211; clic to enlarge<\/p><\/div>\n<div style=\"width: 1290px\" class=\"wp-caption aligncenter\"><a href=\"http:\/\/david.alloza.eu\/ForPublication\/Homemade\/Tx\/DIGI30\/DIGI30_INT.JPG\"><img loading=\"lazy\" decoding=\"async\" class=\"size-full\" src=\"http:\/\/david.alloza.eu\/ForPublication\/Homemade\/Tx\/DIGI30\/DIGI30_INT_low.JPG\" width=\"1280\" height=\"887\" \/><\/a><p class=\"wp-caption-text\">Internal &#8211; Clic to enlarge<\/p><\/div>\n<div style=\"width: 675px\" class=\"wp-caption alignnone\"><a href=\"http:\/\/alloza.eu\/david\/WordPress3\/wp-content\/uploads\/2021\/04\/TRX30_2021_04_09.png\"><img loading=\"lazy\" decoding=\"async\" class=\"\" src=\"http:\/\/david.alloza.eu\/ForPublication\/Homemade\/Tx\/DIGI30\/alternative_V2_low.png\" alt=\"\" width=\"665\" height=\"396\" \/><\/a><p class=\"wp-caption-text\">Schematic &#8211; Clic to enlarge<\/p><\/div>\n","protected":false},"excerpt":{"rendered":"<p>TRX bande \u00e9troite, d\u00e9di\u00e9 aux modes num\u00e9riques. Description \u00e0\u00a0 venir<\/p>\n","protected":false},"author":1,"featured_media":0,"parent":0,"menu_order":0,"comment_status":"open","ping_status":"open","template":"","meta":{"footnotes":""},"class_list":["post-441","page","type-page","status-publish","hentry"],"_links":{"self":[{"href":"https:\/\/alloza.eu\/david\/WordPress3\/index.php?rest_route=\/wp\/v2\/pages\/441","targetHints":{"allow":["GET"]}}],"collection":[{"href":"https:\/\/alloza.eu\/david\/WordPress3\/index.php?rest_route=\/wp\/v2\/pages"}],"about":[{"href":"https:\/\/alloza.eu\/david\/WordPress3\/index.php?rest_route=\/wp\/v2\/types\/page"}],"author":[{"embeddable":true,"href":"https:\/\/alloza.eu\/david\/WordPress3\/index.php?rest_route=\/wp\/v2\/users\/1"}],"replies":[{"embeddable":true,"href":"https:\/\/alloza.eu\/david\/WordPress3\/index.php?rest_route=%2Fwp%2Fv2%2Fcomments&post=441"}],"version-history":[{"count":8,"href":"https:\/\/alloza.eu\/david\/WordPress3\/index.php?rest_route=\/wp\/v2\/pages\/441\/revisions"}],"predecessor-version":[{"id":1131,"href":"https:\/\/alloza.eu\/david\/WordPress3\/index.php?rest_route=\/wp\/v2\/pages\/441\/revisions\/1131"}],"wp:attachment":[{"href":"https:\/\/alloza.eu\/david\/WordPress3\/index.php?rest_route=%2Fwp%2Fv2%2Fmedia&parent=441"}],"curies":[{"name":"wp","href":"https:\/\/api.w.org\/{rel}","templated":true}]}}